{"id":5991,"date":"2019-01-02T14:14:51","date_gmt":"2019-01-02T13:14:51","guid":{"rendered":"https:\/\/nilsmaier.com\/reiseblog\/?page_id=5991"},"modified":"2019-01-06T11:49:56","modified_gmt":"2019-01-06T10:49:56","slug":"lesenswerte-reiseblogs","status":"publish","type":"page","link":"https:\/\/nilsmaier.com\/reiseblog\/lesenswerte-reiseblogs\/","title":{"rendered":"Blogroll"},"content":{"rendered":"<p>Ich habe in der Vergangenheit h\u00e4ufig in Blogs die besten Tipps f\u00fcr meine Reisen gefunden und von den Beitr\u00e4gen profitiert. Daf\u00fcr bin ich den weltweiten Bloggern sehr dankbar. Die aufgelisteten Blogs sind lediglich eine vorl\u00e4ufige Auswahl, da ich erst k\u00fcrzlich begonnen habe zu sammeln:<\/p>\n<ul>\n<li><a href=\"https:\/\/indojunkie.com\/\">indojunkie.com &#8211; On the road &amp; inside Indonesia<\/a><\/li>\n<li><a href=\"https:\/\/www.la-palma24.info\/\">La Palma 24 Journal<\/a><\/li>\n<li><a href=\"https:\/\/www.tappersia.com\/blog\/\">tappersia.com &#8211; Travel around Persia<\/a><\/li>\n<li><a href=\"https:\/\/travelslam.de\/\">travelslam.de &#8211; Reisende sollte man nicht aufhalten, sondern erz\u00e4hlen lassen<\/a><\/li>\n<\/ul>\n","protected":false},"excerpt":{"rendered":"<p>Ich habe in der Vergangenheit h\u00e4ufig in Blogs die besten Tipps f\u00fcr meine Reisen gefunden und von den Beitr\u00e4gen profitiert. Daf\u00fcr bin ich den weltweiten Bloggern sehr dankbar. Die aufgelisteten Blogs sind lediglich eine vorl\u00e4ufige Auswahl, da ich erst k\u00fcrzlich begonnen habe zu sammeln: indojunkie.com &#8211; On the road &amp; [&hellip;]<\/p>\n","protected":false},"author":1,"featured_media":0,"parent":0,"menu_order":0,"comment_status":"open","ping_status":"closed","template":"","meta":{"_exactmetrics_skip_tracking":false,"_exactmetrics_sitenote_active":false,"_exactmetrics_sitenote_note":"","_exactmetrics_sitenote_category":0,"ngg_post_thumbnail":0,"footnotes":""},"class_list":["post-5991","page","type-page","status-publish","hentry"],"yoast_head":"<!-- This site is optimized with the Yoast SEO plugin v27.3 - https:\/\/yoast.com\/product\/yoast-seo-wordpress\/ -->\n<title>Blogroll<\/title>\n<meta name=\"description\" content=\"\u00dcbersicht verschiedener Reise-Blogs, die mir bei meinen Recherchen viel geholfen haben. Danke an alle Bloger weltweit!\" \/>\n<meta name=\"robots\" content=\"noindex, follow\" \/>\n<meta property=\"og:locale\" content=\"en_US\" \/>\n<meta property=\"og:type\" content=\"article\" \/>\n<meta property=\"og:title\" content=\"Blogroll\" \/>\n<meta property=\"og:description\" content=\"\u00dcbersicht verschiedener Reise-Blogs, die mir bei meinen Recherchen viel geholfen haben. Danke an alle Bloger weltweit!\" \/>\n<meta property=\"og:url\" content=\"https:\/\/nilsmaier.com\/reiseblog\/lesenswerte-reiseblogs\/\" \/>\n<meta property=\"article:modified_time\" content=\"2019-01-06T10:49:56+00:00\" \/>\n<meta name=\"twitter:card\" content=\"summary_large_image\" \/>\n<script type=\"application\/ld+json\" class=\"yoast-schema-graph\">{\"@context\":\"https:\\\/\\\/schema.org\",\"@graph\":[{\"@type\":\"WebPage\",\"@id\":\"https:\\\/\\\/nilsmaier.com\\\/reiseblog\\\/lesenswerte-reiseblogs\\\/\",\"url\":\"https:\\\/\\\/nilsmaier.com\\\/reiseblog\\\/lesenswerte-reiseblogs\\\/\",\"name\":\"Blogroll\",\"isPartOf\":{\"@id\":\"https:\\\/\\\/nilsmaier.com\\\/reiseblog\\\/#website\"},\"datePublished\":\"2019-01-02T13:14:51+00:00\",\"dateModified\":\"2019-01-06T10:49:56+00:00\",\"description\":\"\u00dcbersicht verschiedener Reise-Blogs, die mir bei meinen Recherchen viel geholfen haben. Danke an alle Bloger weltweit!\",\"breadcrumb\":{\"@id\":\"https:\\\/\\\/nilsmaier.com\\\/reiseblog\\\/lesenswerte-reiseblogs\\\/#breadcrumb\"},\"inLanguage\":\"en-US\",\"potentialAction\":[{\"@type\":\"ReadAction\",\"target\":[\"https:\\\/\\\/nilsmaier.com\\\/reiseblog\\\/lesenswerte-reiseblogs\\\/\"]}]},{\"@type\":\"BreadcrumbList\",\"@id\":\"https:\\\/\\\/nilsmaier.com\\\/reiseblog\\\/lesenswerte-reiseblogs\\\/#breadcrumb\",\"itemListElement\":[{\"@type\":\"ListItem\",\"position\":1,\"name\":\"Startseite\",\"item\":\"https:\\\/\\\/nilsmaier.com\\\/reiseblog\\\/\"},{\"@type\":\"ListItem\",\"position\":2,\"name\":\"Blogroll\"}]},{\"@type\":\"WebSite\",\"@id\":\"https:\\\/\\\/nilsmaier.com\\\/reiseblog\\\/#website\",\"url\":\"https:\\\/\\\/nilsmaier.com\\\/reiseblog\\\/\",\"name\":\"\",\"description\":\"\",\"potentialAction\":[{\"@type\":\"SearchAction\",\"target\":{\"@type\":\"EntryPoint\",\"urlTemplate\":\"https:\\\/\\\/nilsmaier.com\\\/reiseblog\\\/?s={search_term_string}\"},\"query-input\":{\"@type\":\"PropertyValueSpecification\",\"valueRequired\":true,\"valueName\":\"search_term_string\"}}],\"inLanguage\":\"en-US\"}]}<\/script>\n<!-- \/ Yoast SEO plugin. -->","yoast_head_json":{"title":"Blogroll","description":"\u00dcbersicht verschiedener Reise-Blogs, die mir bei meinen Recherchen viel geholfen haben. Danke an alle Bloger weltweit!","robots":{"index":"noindex","follow":"follow"},"og_locale":"en_US","og_type":"article","og_title":"Blogroll","og_description":"\u00dcbersicht verschiedener Reise-Blogs, die mir bei meinen Recherchen viel geholfen haben. Danke an alle Bloger weltweit!","og_url":"https:\/\/nilsmaier.com\/reiseblog\/lesenswerte-reiseblogs\/","article_modified_time":"2019-01-06T10:49:56+00:00","twitter_card":"summary_large_image","schema":{"@context":"https:\/\/schema.org","@graph":[{"@type":"WebPage","@id":"https:\/\/nilsmaier.com\/reiseblog\/lesenswerte-reiseblogs\/","url":"https:\/\/nilsmaier.com\/reiseblog\/lesenswerte-reiseblogs\/","name":"Blogroll","isPartOf":{"@id":"https:\/\/nilsmaier.com\/reiseblog\/#website"},"datePublished":"2019-01-02T13:14:51+00:00","dateModified":"2019-01-06T10:49:56+00:00","description":"\u00dcbersicht verschiedener Reise-Blogs, die mir bei meinen Recherchen viel geholfen haben. Danke an alle Bloger weltweit!","breadcrumb":{"@id":"https:\/\/nilsmaier.com\/reiseblog\/lesenswerte-reiseblogs\/#breadcrumb"},"inLanguage":"en-US","potentialAction":[{"@type":"ReadAction","target":["https:\/\/nilsmaier.com\/reiseblog\/lesenswerte-reiseblogs\/"]}]},{"@type":"BreadcrumbList","@id":"https:\/\/nilsmaier.com\/reiseblog\/lesenswerte-reiseblogs\/#breadcrumb","itemListElement":[{"@type":"ListItem","position":1,"name":"Startseite","item":"https:\/\/nilsmaier.com\/reiseblog\/"},{"@type":"ListItem","position":2,"name":"Blogroll"}]},{"@type":"WebSite","@id":"https:\/\/nilsmaier.com\/reiseblog\/#website","url":"https:\/\/nilsmaier.com\/reiseblog\/","name":"","description":"","potentialAction":[{"@type":"SearchAction","target":{"@type":"EntryPoint","urlTemplate":"https:\/\/nilsmaier.com\/reiseblog\/?s={search_term_string}"},"query-input":{"@type":"PropertyValueSpecification","valueRequired":true,"valueName":"search_term_string"}}],"inLanguage":"en-US"}]}},"_links":{"self":[{"href":"https:\/\/nilsmaier.com\/reiseblog\/wp-json\/wp\/v2\/pages\/5991","targetHints":{"allow":["GET"]}}],"collection":[{"href":"https:\/\/nilsmaier.com\/reiseblog\/wp-json\/wp\/v2\/pages"}],"about":[{"href":"https:\/\/nilsmaier.com\/reiseblog\/wp-json\/wp\/v2\/types\/page"}],"author":[{"embeddable":true,"href":"https:\/\/nilsmaier.com\/reiseblog\/wp-json\/wp\/v2\/users\/1"}],"replies":[{"embeddable":true,"href":"https:\/\/nilsmaier.com\/reiseblog\/wp-json\/wp\/v2\/comments?post=5991"}],"version-history":[{"count":7,"href":"https:\/\/nilsmaier.com\/reiseblog\/wp-json\/wp\/v2\/pages\/5991\/revisions"}],"predecessor-version":[{"id":6182,"href":"https:\/\/nilsmaier.com\/reiseblog\/wp-json\/wp\/v2\/pages\/5991\/revisions\/6182"}],"wp:attachment":[{"href":"https:\/\/nilsmaier.com\/reiseblog\/wp-json\/wp\/v2\/media?parent=5991"}],"curies":[{"name":"wp","href":"https:\/\/api.w.org\/{rel}","templated":true}]}}