{"id":5441,"date":"2018-05-31T15:35:03","date_gmt":"2018-05-31T13:35:03","guid":{"rendered":"https:\/\/nilsmaier.com\/reiseblog\/?page_id=5441"},"modified":"2019-01-05T23:39:18","modified_gmt":"2019-01-05T22:39:18","slug":"stadte-regionen-lander","status":"publish","type":"page","link":"https:\/\/nilsmaier.com\/reiseblog\/stadte-regionen-lander\/","title":{"rendered":"Reiseziele"},"content":{"rendered":"","protected":false},"excerpt":{"rendered":"","protected":false},"author":1,"featured_media":0,"parent":0,"menu_order":0,"comment_status":"closed","ping_status":"closed","template":"page-templates\/archives.php","meta":{"_exactmetrics_skip_tracking":false,"_exactmetrics_sitenote_active":false,"_exactmetrics_sitenote_note":"","_exactmetrics_sitenote_category":0,"ngg_post_thumbnail":0,"footnotes":""},"class_list":["post-5441","page","type-page","status-publish","hentry"],"yoast_head":"<!-- This site is optimized with the Yoast SEO plugin v27.3 - https:\/\/yoast.com\/product\/yoast-seo-wordpress\/ -->\n<title>\u00dcbersicht St\u00e4dte, Regionen und L\u00e4nder | Nils Reiseblog<\/title>\n<meta name=\"description\" content=\"Hier ist eine \u00dcbersicht an St\u00e4dte, Regionen und L\u00e4nder f\u00fcr die es Reisetipps- und Empfehlungen gibt...Beirut, La Palma, Bali, Korfu, Bulgarien...\" \/>\n<meta name=\"robots\" content=\"noindex, follow\" \/>\n<meta property=\"og:locale\" content=\"en_US\" \/>\n<meta property=\"og:type\" content=\"article\" \/>\n<meta property=\"og:title\" content=\"\u00dcbersicht St\u00e4dte, Regionen und L\u00e4nder | Nils Reiseblog\" \/>\n<meta property=\"og:description\" content=\"Hier ist eine \u00dcbersicht an St\u00e4dte, Regionen und L\u00e4nder f\u00fcr die es Reisetipps- und Empfehlungen gibt...Beirut, La Palma, Bali, Korfu, Bulgarien...\" \/>\n<meta property=\"og:url\" content=\"https:\/\/nilsmaier.com\/reiseblog\/stadte-regionen-lander\/\" \/>\n<meta property=\"article:modified_time\" content=\"2019-01-05T22:39:18+00:00\" \/>\n<meta name=\"twitter:card\" content=\"summary_large_image\" \/>\n<script type=\"application\/ld+json\" class=\"yoast-schema-graph\">{\"@context\":\"https:\\\/\\\/schema.org\",\"@graph\":[{\"@type\":\"WebPage\",\"@id\":\"https:\\\/\\\/nilsmaier.com\\\/reiseblog\\\/stadte-regionen-lander\\\/\",\"url\":\"https:\\\/\\\/nilsmaier.com\\\/reiseblog\\\/stadte-regionen-lander\\\/\",\"name\":\"\u00dcbersicht St\u00e4dte, Regionen und L\u00e4nder | Nils Reiseblog\",\"isPartOf\":{\"@id\":\"https:\\\/\\\/nilsmaier.com\\\/reiseblog\\\/#website\"},\"datePublished\":\"2018-05-31T13:35:03+00:00\",\"dateModified\":\"2019-01-05T22:39:18+00:00\",\"description\":\"Hier ist eine \u00dcbersicht an St\u00e4dte, Regionen und L\u00e4nder f\u00fcr die es Reisetipps- und Empfehlungen gibt...Beirut, La Palma, Bali, Korfu, Bulgarien...\",\"breadcrumb\":{\"@id\":\"https:\\\/\\\/nilsmaier.com\\\/reiseblog\\\/stadte-regionen-lander\\\/#breadcrumb\"},\"inLanguage\":\"en-US\",\"potentialAction\":[{\"@type\":\"ReadAction\",\"target\":[\"https:\\\/\\\/nilsmaier.com\\\/reiseblog\\\/stadte-regionen-lander\\\/\"]}]},{\"@type\":\"BreadcrumbList\",\"@id\":\"https:\\\/\\\/nilsmaier.com\\\/reiseblog\\\/stadte-regionen-lander\\\/#breadcrumb\",\"itemListElement\":[{\"@type\":\"ListItem\",\"position\":1,\"name\":\"Startseite\",\"item\":\"https:\\\/\\\/nilsmaier.com\\\/reiseblog\\\/\"},{\"@type\":\"ListItem\",\"position\":2,\"name\":\"Reiseziele\"}]},{\"@type\":\"WebSite\",\"@id\":\"https:\\\/\\\/nilsmaier.com\\\/reiseblog\\\/#website\",\"url\":\"https:\\\/\\\/nilsmaier.com\\\/reiseblog\\\/\",\"name\":\"\",\"description\":\"\",\"potentialAction\":[{\"@type\":\"SearchAction\",\"target\":{\"@type\":\"EntryPoint\",\"urlTemplate\":\"https:\\\/\\\/nilsmaier.com\\\/reiseblog\\\/?s={search_term_string}\"},\"query-input\":{\"@type\":\"PropertyValueSpecification\",\"valueRequired\":true,\"valueName\":\"search_term_string\"}}],\"inLanguage\":\"en-US\"}]}<\/script>\n<!-- \/ Yoast SEO plugin. -->","yoast_head_json":{"title":"\u00dcbersicht St\u00e4dte, Regionen und L\u00e4nder | Nils Reiseblog","description":"Hier ist eine \u00dcbersicht an St\u00e4dte, Regionen und L\u00e4nder f\u00fcr die es Reisetipps- und Empfehlungen gibt...Beirut, La Palma, Bali, Korfu, Bulgarien...","robots":{"index":"noindex","follow":"follow"},"og_locale":"en_US","og_type":"article","og_title":"\u00dcbersicht St\u00e4dte, Regionen und L\u00e4nder | Nils Reiseblog","og_description":"Hier ist eine \u00dcbersicht an St\u00e4dte, Regionen und L\u00e4nder f\u00fcr die es Reisetipps- und Empfehlungen gibt...Beirut, La Palma, Bali, Korfu, Bulgarien...","og_url":"https:\/\/nilsmaier.com\/reiseblog\/stadte-regionen-lander\/","article_modified_time":"2019-01-05T22:39:18+00:00","twitter_card":"summary_large_image","schema":{"@context":"https:\/\/schema.org","@graph":[{"@type":"WebPage","@id":"https:\/\/nilsmaier.com\/reiseblog\/stadte-regionen-lander\/","url":"https:\/\/nilsmaier.com\/reiseblog\/stadte-regionen-lander\/","name":"\u00dcbersicht St\u00e4dte, Regionen und L\u00e4nder | Nils Reiseblog","isPartOf":{"@id":"https:\/\/nilsmaier.com\/reiseblog\/#website"},"datePublished":"2018-05-31T13:35:03+00:00","dateModified":"2019-01-05T22:39:18+00:00","description":"Hier ist eine \u00dcbersicht an St\u00e4dte, Regionen und L\u00e4nder f\u00fcr die es Reisetipps- und Empfehlungen gibt...Beirut, La Palma, Bali, Korfu, Bulgarien...","breadcrumb":{"@id":"https:\/\/nilsmaier.com\/reiseblog\/stadte-regionen-lander\/#breadcrumb"},"inLanguage":"en-US","potentialAction":[{"@type":"ReadAction","target":["https:\/\/nilsmaier.com\/reiseblog\/stadte-regionen-lander\/"]}]},{"@type":"BreadcrumbList","@id":"https:\/\/nilsmaier.com\/reiseblog\/stadte-regionen-lander\/#breadcrumb","itemListElement":[{"@type":"ListItem","position":1,"name":"Startseite","item":"https:\/\/nilsmaier.com\/reiseblog\/"},{"@type":"ListItem","position":2,"name":"Reiseziele"}]},{"@type":"WebSite","@id":"https:\/\/nilsmaier.com\/reiseblog\/#website","url":"https:\/\/nilsmaier.com\/reiseblog\/","name":"","description":"","potentialAction":[{"@type":"SearchAction","target":{"@type":"EntryPoint","urlTemplate":"https:\/\/nilsmaier.com\/reiseblog\/?s={search_term_string}"},"query-input":{"@type":"PropertyValueSpecification","valueRequired":true,"valueName":"search_term_string"}}],"inLanguage":"en-US"}]}},"_links":{"self":[{"href":"https:\/\/nilsmaier.com\/reiseblog\/wp-json\/wp\/v2\/pages\/5441","targetHints":{"allow":["GET"]}}],"collection":[{"href":"https:\/\/nilsmaier.com\/reiseblog\/wp-json\/wp\/v2\/pages"}],"about":[{"href":"https:\/\/nilsmaier.com\/reiseblog\/wp-json\/wp\/v2\/types\/page"}],"author":[{"embeddable":true,"href":"https:\/\/nilsmaier.com\/reiseblog\/wp-json\/wp\/v2\/users\/1"}],"replies":[{"embeddable":true,"href":"https:\/\/nilsmaier.com\/reiseblog\/wp-json\/wp\/v2\/comments?post=5441"}],"version-history":[{"count":2,"href":"https:\/\/nilsmaier.com\/reiseblog\/wp-json\/wp\/v2\/pages\/5441\/revisions"}],"predecessor-version":[{"id":6171,"href":"https:\/\/nilsmaier.com\/reiseblog\/wp-json\/wp\/v2\/pages\/5441\/revisions\/6171"}],"wp:attachment":[{"href":"https:\/\/nilsmaier.com\/reiseblog\/wp-json\/wp\/v2\/media?parent=5441"}],"curies":[{"name":"wp","href":"https:\/\/api.w.org\/{rel}","templated":true}]}}