{"id":5434,"date":"2018-05-31T15:27:25","date_gmt":"2018-05-31T13:27:25","guid":{"rendered":"https:\/\/nilsmaier.com\/reiseblog\/?page_id=5434"},"modified":"2019-01-05T23:41:41","modified_gmt":"2019-01-05T22:41:41","slug":"reiseliteratur","status":"publish","type":"page","link":"https:\/\/nilsmaier.com\/reiseblog\/reiseliteratur\/","title":{"rendered":"Reisef\u00fchrer"},"content":{"rendered":"<h2>Beirut, Libanon<\/h2>\n<p><iframe style=\"width: 120px; height: 240px;\" src=\"\/\/ws-eu.amazon-adsystem.com\/widgets\/q?ServiceVersion=20070822&amp;OneJS=1&amp;Operation=GetAdHtml&amp;MarketPlace=DE&amp;source=ac&amp;ref=tf_til&amp;ad_type=product_link&amp;tracking_id=reiseblog049-21&amp;marketplace=amazon&amp;region=DE&amp;placement=3608962115&amp;asins=3608962115&amp;linkId=fc0a923299fd4bd86d676347f87071e2&amp;show_border=false&amp;link_opens_in_new_window=true&amp;price_color=333333&amp;title_color=0066c0&amp;bg_color=ffffff\" frameborder=\"0\" marginwidth=\"0\" marginheight=\"0\" scrolling=\"no\"><br \/>\n<\/iframe>&nbsp;&nbsp; <iframe style=\"width: 120px; height: 240px;\" src=\"\/\/ws-eu.amazon-adsystem.com\/widgets\/q?ServiceVersion=20070822&amp;OneJS=1&amp;Operation=GetAdHtml&amp;MarketPlace=DE&amp;source=ac&amp;ref=tf_til&amp;ad_type=product_link&amp;tracking_id=reiseblog049-21&amp;marketplace=amazon&amp;region=DE&amp;placement=1841625582&amp;asins=1841625582&amp;linkId=9c67ea14d2c51955624b5c1051963cb4&amp;show_border=false&amp;link_opens_in_new_window=true&amp;price_color=333333&amp;title_color=0066c0&amp;bg_color=ffffff\" frameborder=\"0\" marginwidth=\"0\" marginheight=\"0\" scrolling=\"no\"><br \/>\n<\/iframe>&nbsp; &nbsp;<iframe style=\"width: 120px; height: 240px;\" src=\"\/\/ws-eu.amazon-adsystem.com\/widgets\/q?ServiceVersion=20070822&amp;OneJS=1&amp;Operation=GetAdHtml&amp;MarketPlace=DE&amp;source=ac&amp;ref=tf_til&amp;ad_type=product_link&amp;tracking_id=reiseblog049-21&amp;marketplace=amazon&amp;region=DE&amp;placement=1849047006&amp;asins=1849047006&amp;linkId=4dbf1cd5c745c5871af3e327ca7f9408&amp;show_border=false&amp;link_opens_in_new_window=true&amp;price_color=333333&amp;title_color=0066c0&amp;bg_color=ffffff\" frameborder=\"0\" marginwidth=\"0\" marginheight=\"0\" scrolling=\"no\"><br \/>\n<\/iframe><br \/>\n&nbsp;<\/p>\n<h2>Korfu, Griechenland<\/h2>\n<p><iframe style=\"width: 120px; height: 240px;\" src=\"\/\/ws-eu.amazon-adsystem.com\/widgets\/q?ServiceVersion=20070822&amp;OneJS=1&amp;Operation=GetAdHtml&amp;MarketPlace=DE&amp;source=ac&amp;ref=tf_til&amp;ad_type=product_link&amp;tracking_id=reiseblog049-21&amp;marketplace=amazon&amp;region=DE&amp;placement=3831728038&amp;asins=3831728038&amp;linkId=b1ed8f91690398d53a6a71ff5b9a62fd&amp;show_border=false&amp;link_opens_in_new_window=true&amp;price_color=333333&amp;title_color=0066c0&amp;bg_color=ffffff\" frameborder=\"0\" marginwidth=\"0\" marginheight=\"0\" scrolling=\"no\"><br \/>\n<\/iframe>&nbsp; &nbsp;&nbsp;<iframe style=\"width: 120px; height: 240px;\" src=\"\/\/ws-eu.amazon-adsystem.com\/widgets\/q?ServiceVersion=20070822&amp;OneJS=1&amp;Operation=GetAdHtml&amp;MarketPlace=DE&amp;source=ac&amp;ref=tf_til&amp;ad_type=product_link&amp;tracking_id=reiseblog049-21&amp;marketplace=amazon&amp;region=DE&amp;placement=377017464X&amp;asins=377017464X&amp;linkId=eb60242d4798a9275b0264f81a28e3d6&amp;show_border=false&amp;link_opens_in_new_window=true&amp;price_color=333333&amp;title_color=0066c0&amp;bg_color=ffffff\" frameborder=\"0\" marginwidth=\"0\" marginheight=\"0\" scrolling=\"no\"><br \/>\n<\/iframe><\/p>\n<h2>La Palma, Kanaren, Spanien<\/h2>\n<p><iframe style=\"width: 120px; height: 240px;\" src=\"\/\/ws-eu.amazon-adsystem.com\/widgets\/q?ServiceVersion=20070822&amp;OneJS=1&amp;Operation=GetAdHtml&amp;MarketPlace=DE&amp;source=ac&amp;ref=tf_til&amp;ad_type=product_link&amp;tracking_id=reiseblog049-21&amp;marketplace=amazon&amp;region=DE&amp;placement=376334246X&amp;asins=376334246X&amp;linkId=4be54f1ab78933e56a3649a748cc09e2&amp;show_border=false&amp;link_opens_in_new_window=true&amp;price_color=333333&amp;title_color=0066c0&amp;bg_color=ffffff\" frameborder=\"0\" marginwidth=\"0\" marginheight=\"0\" scrolling=\"no\"><br \/>\n<\/iframe>&nbsp; &nbsp; <iframe style=\"width: 120px; height: 240px;\" src=\"\/\/ws-eu.amazon-adsystem.com\/widgets\/q?ServiceVersion=20070822&amp;OneJS=1&amp;Operation=GetAdHtml&amp;MarketPlace=DE&amp;source=ac&amp;ref=tf_til&amp;ad_type=product_link&amp;tracking_id=reiseblog049-21&amp;marketplace=amazon&amp;region=DE&amp;placement=382972814X&amp;asins=382972814X&amp;linkId=29ffc8c830b647e5672a0e3721afca4c&amp;show_border=false&amp;link_opens_in_new_window=true&amp;price_color=333333&amp;title_color=0066c0&amp;bg_color=ffffff\" frameborder=\"0\" marginwidth=\"0\" marginheight=\"0\" scrolling=\"no\"><br \/>\n<\/iframe><\/p>\n","protected":false},"excerpt":{"rendered":"<p>Beirut, Libanon &nbsp;&nbsp; &nbsp; &nbsp; &nbsp; Korfu, Griechenland &nbsp; &nbsp;&nbsp; La Palma, Kanaren, Spanien &nbsp; &nbsp;<\/p>\n","protected":false},"author":1,"featured_media":0,"parent":0,"menu_order":0,"comment_status":"closed","ping_status":"closed","template":"page-templates\/full-width.php","meta":{"_exactmetrics_skip_tracking":false,"_exactmetrics_sitenote_active":false,"_exactmetrics_sitenote_note":"","_exactmetrics_sitenote_category":0,"ngg_post_thumbnail":0,"footnotes":""},"class_list":["post-5434","page","type-page","status-publish","hentry"],"yoast_head":"<!-- This site is optimized with the Yoast SEO plugin v27.3 - https:\/\/yoast.com\/product\/yoast-seo-wordpress\/ -->\n<title>Tipps und Empfehlungen f\u00fcr Reiseliteratur &amp; Reisef\u00fchrer | Nils Reiseblog<\/title>\n<meta name=\"description\" content=\"Eine Auswahl von Tipps und Empfehlungen f\u00fcr Reiseliteratur f\u00fcr verschiedenen L\u00e4nder. Reisef\u00fchrer, B\u00fccher, Wanderkarten...\" \/>\n<meta name=\"robots\" content=\"noindex, follow\" \/>\n<meta property=\"og:locale\" content=\"en_US\" \/>\n<meta property=\"og:type\" content=\"article\" \/>\n<meta property=\"og:title\" content=\"Tipps und Empfehlungen f\u00fcr Reiseliteratur &amp; Reisef\u00fchrer | Nils Reiseblog\" \/>\n<meta property=\"og:description\" content=\"Eine Auswahl von Tipps und Empfehlungen f\u00fcr Reiseliteratur f\u00fcr verschiedenen L\u00e4nder. Reisef\u00fchrer, B\u00fccher, Wanderkarten...\" \/>\n<meta property=\"og:url\" content=\"https:\/\/nilsmaier.com\/reiseblog\/reiseliteratur\/\" \/>\n<meta property=\"article:modified_time\" content=\"2019-01-05T22:41:41+00:00\" \/>\n<meta name=\"twitter:card\" content=\"summary_large_image\" \/>\n<script type=\"application\/ld+json\" class=\"yoast-schema-graph\">{\"@context\":\"https:\\\/\\\/schema.org\",\"@graph\":[{\"@type\":\"WebPage\",\"@id\":\"https:\\\/\\\/nilsmaier.com\\\/reiseblog\\\/reiseliteratur\\\/\",\"url\":\"https:\\\/\\\/nilsmaier.com\\\/reiseblog\\\/reiseliteratur\\\/\",\"name\":\"Tipps und Empfehlungen f\u00fcr Reiseliteratur & Reisef\u00fchrer | Nils Reiseblog\",\"isPartOf\":{\"@id\":\"https:\\\/\\\/nilsmaier.com\\\/reiseblog\\\/#website\"},\"datePublished\":\"2018-05-31T13:27:25+00:00\",\"dateModified\":\"2019-01-05T22:41:41+00:00\",\"description\":\"Eine Auswahl von Tipps und Empfehlungen f\u00fcr Reiseliteratur f\u00fcr verschiedenen L\u00e4nder. Reisef\u00fchrer, B\u00fccher, Wanderkarten...\",\"breadcrumb\":{\"@id\":\"https:\\\/\\\/nilsmaier.com\\\/reiseblog\\\/reiseliteratur\\\/#breadcrumb\"},\"inLanguage\":\"en-US\",\"potentialAction\":[{\"@type\":\"ReadAction\",\"target\":[\"https:\\\/\\\/nilsmaier.com\\\/reiseblog\\\/reiseliteratur\\\/\"]}]},{\"@type\":\"BreadcrumbList\",\"@id\":\"https:\\\/\\\/nilsmaier.com\\\/reiseblog\\\/reiseliteratur\\\/#breadcrumb\",\"itemListElement\":[{\"@type\":\"ListItem\",\"position\":1,\"name\":\"Startseite\",\"item\":\"https:\\\/\\\/nilsmaier.com\\\/reiseblog\\\/\"},{\"@type\":\"ListItem\",\"position\":2,\"name\":\"Reisef\u00fchrer\"}]},{\"@type\":\"WebSite\",\"@id\":\"https:\\\/\\\/nilsmaier.com\\\/reiseblog\\\/#website\",\"url\":\"https:\\\/\\\/nilsmaier.com\\\/reiseblog\\\/\",\"name\":\"\",\"description\":\"\",\"potentialAction\":[{\"@type\":\"SearchAction\",\"target\":{\"@type\":\"EntryPoint\",\"urlTemplate\":\"https:\\\/\\\/nilsmaier.com\\\/reiseblog\\\/?s={search_term_string}\"},\"query-input\":{\"@type\":\"PropertyValueSpecification\",\"valueRequired\":true,\"valueName\":\"search_term_string\"}}],\"inLanguage\":\"en-US\"}]}<\/script>\n<!-- \/ Yoast SEO plugin. -->","yoast_head_json":{"title":"Tipps und Empfehlungen f\u00fcr Reiseliteratur & Reisef\u00fchrer | Nils Reiseblog","description":"Eine Auswahl von Tipps und Empfehlungen f\u00fcr Reiseliteratur f\u00fcr verschiedenen L\u00e4nder. Reisef\u00fchrer, B\u00fccher, Wanderkarten...","robots":{"index":"noindex","follow":"follow"},"og_locale":"en_US","og_type":"article","og_title":"Tipps und Empfehlungen f\u00fcr Reiseliteratur & Reisef\u00fchrer | Nils Reiseblog","og_description":"Eine Auswahl von Tipps und Empfehlungen f\u00fcr Reiseliteratur f\u00fcr verschiedenen L\u00e4nder. Reisef\u00fchrer, B\u00fccher, Wanderkarten...","og_url":"https:\/\/nilsmaier.com\/reiseblog\/reiseliteratur\/","article_modified_time":"2019-01-05T22:41:41+00:00","twitter_card":"summary_large_image","schema":{"@context":"https:\/\/schema.org","@graph":[{"@type":"WebPage","@id":"https:\/\/nilsmaier.com\/reiseblog\/reiseliteratur\/","url":"https:\/\/nilsmaier.com\/reiseblog\/reiseliteratur\/","name":"Tipps und Empfehlungen f\u00fcr Reiseliteratur & Reisef\u00fchrer | Nils Reiseblog","isPartOf":{"@id":"https:\/\/nilsmaier.com\/reiseblog\/#website"},"datePublished":"2018-05-31T13:27:25+00:00","dateModified":"2019-01-05T22:41:41+00:00","description":"Eine Auswahl von Tipps und Empfehlungen f\u00fcr Reiseliteratur f\u00fcr verschiedenen L\u00e4nder. Reisef\u00fchrer, B\u00fccher, Wanderkarten...","breadcrumb":{"@id":"https:\/\/nilsmaier.com\/reiseblog\/reiseliteratur\/#breadcrumb"},"inLanguage":"en-US","potentialAction":[{"@type":"ReadAction","target":["https:\/\/nilsmaier.com\/reiseblog\/reiseliteratur\/"]}]},{"@type":"BreadcrumbList","@id":"https:\/\/nilsmaier.com\/reiseblog\/reiseliteratur\/#breadcrumb","itemListElement":[{"@type":"ListItem","position":1,"name":"Startseite","item":"https:\/\/nilsmaier.com\/reiseblog\/"},{"@type":"ListItem","position":2,"name":"Reisef\u00fchrer"}]},{"@type":"WebSite","@id":"https:\/\/nilsmaier.com\/reiseblog\/#website","url":"https:\/\/nilsmaier.com\/reiseblog\/","name":"","description":"","potentialAction":[{"@type":"SearchAction","target":{"@type":"EntryPoint","urlTemplate":"https:\/\/nilsmaier.com\/reiseblog\/?s={search_term_string}"},"query-input":{"@type":"PropertyValueSpecification","valueRequired":true,"valueName":"search_term_string"}}],"inLanguage":"en-US"}]}},"_links":{"self":[{"href":"https:\/\/nilsmaier.com\/reiseblog\/wp-json\/wp\/v2\/pages\/5434","targetHints":{"allow":["GET"]}}],"collection":[{"href":"https:\/\/nilsmaier.com\/reiseblog\/wp-json\/wp\/v2\/pages"}],"about":[{"href":"https:\/\/nilsmaier.com\/reiseblog\/wp-json\/wp\/v2\/types\/page"}],"author":[{"embeddable":true,"href":"https:\/\/nilsmaier.com\/reiseblog\/wp-json\/wp\/v2\/users\/1"}],"replies":[{"embeddable":true,"href":"https:\/\/nilsmaier.com\/reiseblog\/wp-json\/wp\/v2\/comments?post=5434"}],"version-history":[{"count":10,"href":"https:\/\/nilsmaier.com\/reiseblog\/wp-json\/wp\/v2\/pages\/5434\/revisions"}],"predecessor-version":[{"id":6235,"href":"https:\/\/nilsmaier.com\/reiseblog\/wp-json\/wp\/v2\/pages\/5434\/revisions\/6235"}],"wp:attachment":[{"href":"https:\/\/nilsmaier.com\/reiseblog\/wp-json\/wp\/v2\/media?parent=5434"}],"curies":[{"name":"wp","href":"https:\/\/api.w.org\/{rel}","templated":true}]}}